{"id":4312,"date":"2020-09-23T17:04:51","date_gmt":"2020-09-23T15:04:51","guid":{"rendered":""},"modified":"2025-06-04T08:43:43","modified_gmt":"2025-06-04T06:43:43","slug":"l-azienda","status":"publish","type":"page","link":"https:\/\/www.griplan.com\/it\/l-azienda\/","title":{"rendered":"Lo studio"},"content":{"rendered":"<div id='av_section_1'  class='avia-section av-obrfl3-9a58c3dcf296ebf7094cd7798a49d133 main_color avia-section-large avia-no-border-styling  avia-builder-el-0  el_before_av_section  avia-builder-el-first  avia-bg-style-scroll container_wrap sidebar_right'  ><div class='container av-section-cont-open' ><main  role=\"main\" itemprop=\"mainContentOfPage\"  class='template-page content  av-content-small alpha units'><div class='post-entry post-entry-type-page post-entry-4312'><div class='entry-content-wrapper clearfix'>\n\n<style type=\"text\/css\" data-created_by=\"avia_inline_auto\" id=\"style-css-av-m4xut3-2ad8f90d23c837df4eb99c88c8670777\">\n#top .av-special-heading.av-m4xut3-2ad8f90d23c837df4eb99c88c8670777{\npadding-bottom:15px;\ncolor:#52649b;\nfont-size:40px;\n}\nbody .av-special-heading.av-m4xut3-2ad8f90d23c837df4eb99c88c8670777 .av-special-heading-tag .heading-char{\nfont-size:25px;\n}\n#top #wrap_all .av-special-heading.av-m4xut3-2ad8f90d23c837df4eb99c88c8670777 .av-special-heading-tag{\nfont-size:40px;\n}\n.av-special-heading.av-m4xut3-2ad8f90d23c837df4eb99c88c8670777 .special-heading-inner-border{\nborder-color:#52649b;\n}\n.av-special-heading.av-m4xut3-2ad8f90d23c837df4eb99c88c8670777 .av-subheading{\nfont-size:15px;\n}\n\n@media only screen and (min-width: 480px) and (max-width: 767px){ \n#top #wrap_all .av-special-heading.av-m4xut3-2ad8f90d23c837df4eb99c88c8670777 .av-special-heading-tag{\nfont-size:0.8em;\n}\n}\n\n@media only screen and (max-width: 479px){ \n#top #wrap_all .av-special-heading.av-m4xut3-2ad8f90d23c837df4eb99c88c8670777 .av-special-heading-tag{\nfont-size:0.8em;\n}\n}\n<\/style>\n<div  class='av-special-heading av-m4xut3-2ad8f90d23c837df4eb99c88c8670777 av-special-heading-h1 custom-color-heading blockquote modern-quote modern-centered  avia-builder-el-1  avia-builder-el-no-sibling  av-inherit-size'><h1 class='av-special-heading-tag'  itemprop=\"headline\"  >Chi siamo<\/h1><div class=\"special-heading-border\"><div class=\"special-heading-inner-border\"><\/div><\/div><\/div>\n\n<\/div><\/div><\/main><!-- close content main element --><\/div><\/div>\n<style type=\"text\/css\" data-created_by=\"avia_inline_auto\" id=\"style-css-av-k7xpsn-284dfb7ed14a8a776824683d81bae3f0\">\n.avia-section.av-k7xpsn-284dfb7ed14a8a776824683d81bae3f0 .av-section-color-overlay{\nopacity:1;\nbackground-color:#55606e;\n}\n<\/style>\n<div id='av_section_2'  class='avia-section av-k7xpsn-284dfb7ed14a8a776824683d81bae3f0 main_color avia-section-huge avia-no-border-styling  avia-builder-el-2  el_after_av_section  avia-builder-el-last  avia-bg-style-fixed av-section-color-overlay-active container_wrap sidebar_right'  ><div class=\"av-section-color-overlay-wrap\"><div class=\"av-section-color-overlay\"><\/div><div class='container av-section-cont-open' ><div class='template-page content  av-content-small alpha units'><div class='post-entry post-entry-type-page post-entry-4312'><div class='entry-content-wrapper clearfix'>\n\n<style type=\"text\/css\" data-created_by=\"avia_inline_auto\" id=\"style-css-av-ili0rr-35dd1ecc7f15a8bd166fa1a5cd3404ca\">\n.flex_column.av-ili0rr-35dd1ecc7f15a8bd166fa1a5cd3404ca{\n-webkit-border-radius:0px 0px 0px 0px;\n-moz-border-radius:0px 0px 0px 0px;\nborder-radius:0px 0px 0px 0px;\npadding:0px 0px 0px 0px;\n}\n<\/style>\n<div class='flex_column av-ili0rr-35dd1ecc7f15a8bd166fa1a5cd3404ca av_one_third  avia-builder-el-3  el_before_av_one_third  avia-builder-el-first  first flex_column_div av-zero-column-padding '     ><p>\n<style type=\"text\/css\" data-created_by=\"avia_inline_auto\" id=\"style-css-av-gtls4n-64d120970c08f22a880efde5768b4e76\">\n#top .av-special-heading.av-gtls4n-64d120970c08f22a880efde5768b4e76{\npadding-bottom:20px;\ncolor:#ffffff;\nfont-size:40px;\n}\nbody .av-special-heading.av-gtls4n-64d120970c08f22a880efde5768b4e76 .av-special-heading-tag .heading-char{\nfont-size:25px;\n}\n#top #wrap_all .av-special-heading.av-gtls4n-64d120970c08f22a880efde5768b4e76 .av-special-heading-tag{\nfont-size:40px;\n}\n.av-special-heading.av-gtls4n-64d120970c08f22a880efde5768b4e76 .special-heading-inner-border{\nborder-color:#ffffff;\n}\n.av-special-heading.av-gtls4n-64d120970c08f22a880efde5768b4e76 .av-subheading{\nfont-size:15px;\n}\n\n@media only screen and (min-width: 480px) and (max-width: 767px){ \n#top #wrap_all .av-special-heading.av-gtls4n-64d120970c08f22a880efde5768b4e76 .av-special-heading-tag{\nfont-size:0.8em;\n}\n}\n\n@media only screen and (max-width: 479px){ \n#top #wrap_all .av-special-heading.av-gtls4n-64d120970c08f22a880efde5768b4e76 .av-special-heading-tag{\nfont-size:0.8em;\n}\n}\n<\/style>\n<div  class='av-special-heading av-gtls4n-64d120970c08f22a880efde5768b4e76 av-special-heading-h3 custom-color-heading blockquote modern-quote modern-centered  avia-builder-el-4  el_before_av_textblock  avia-builder-el-first  av-inherit-size'><h3 class='av-special-heading-tag'  itemprop=\"headline\"  >La nostra forza \u00e8 la progettazione generale<\/h3><div class=\"special-heading-border\"><div class=\"special-heading-inner-border\"><\/div><\/div><\/div><br \/>\n\n<style type=\"text\/css\" data-created_by=\"avia_inline_auto\" id=\"style-css-av-g50d4n-308f1197b9892f58062279d2a94658a7\">\n#top .av_textblock_section.av-g50d4n-308f1197b9892f58062279d2a94658a7 .avia_textblock{\ncolor:#ffffff;\n}\n<\/style>\n<section  class='av_textblock_section av-g50d4n-308f1197b9892f58062279d2a94658a7'  itemscope=\"itemscope\" itemtype=\"https:\/\/schema.org\/CreativeWork\" ><div class='avia_textblock av_inherit_color'  itemprop=\"text\" ><p>Lo studio tecnico griplan srl ha la sua sede principale a Brunico in Alto Adige e <strong>da settembre 2022 una nuova sede a Castelnuovo del Garda.<\/strong> La squadra di collaboratori \u00e8 composta principalmente da architetti e ingegneri ed \u00e8 coordinata dall\u2019amministratore delegato l\u2019Ingegnere Roland Griessmair. Lo studio tecnico \u00e8 specializzato in <b>progettazione generale e gestisce in maniera integrata la progettazione architettonica, la progettazione strutturale e le progettazioni specialistiche<\/b>, quali: consulenza energetica CasaClima, coordinamento della sicurezza, progettazione acustica, progettazione antincendio e progettazione <b>impiantistica<\/b>.<span class=\"Apple-converted-space\"> <\/span><\/p>\n<p>Durante tutte le fasi della progettazione &#8211; dall\u2019ideazione alla realizzazione &#8211; il cliente ha un solo interlocutore, evitando cos\u00ec dispendiosi coordinamenti tra i singoli progettisti in termini di tempo e risorse economiche.<\/p>\n<p>Il fulcro delle nostre attivit\u00e0 \u00e8 costituito dall\u2019<b>edilizia abitativa,<\/b> dagli <b>immobili di tipo commerciale<\/b> e dalle <b>strutture turistico-ricettive<\/b>. Oltre alla realizzazione di progetti privati ci occupiamo anche di appalti pubblici.<\/p>\n<p>Esperienza pluriennale, concezione spaziale innovativa, soluzioni progettuali efficaci e efficienti, pianificazione ottimizzata in termini di costi e un approccio con una forte attenzione alla sostenibilit\u00e0 economica costituiscono le fondamenta della nostra progettazione. Basandoci su queste conoscenze sviluppiamo e realizziamo insieme ai nostri committenti progetti a forte caratterizzazione tematica e territoriale con autenticit\u00e0 unita a ottimizzazione economica. Creativit\u00e0 e sostenibilit\u00e0 economica-ambientale ci accompagnano come filo conduttore dal concept fino alla realizzazione del progetto.<span class=\"Apple-converted-space\"> <\/span><\/p>\n<p>Sviluppiamo soluzioni personalizzate con intelligenza imprenditoriale creativa. I nostri servizi possono adattarsi in maniera flessibile a tutte le fasi del progetto, dalla valutazione passando per la progettazione generale fino alla progettazione specialistica.<\/p>\n<\/div><\/section><br \/>\n\n<style type=\"text\/css\" data-created_by=\"avia_inline_auto\" id=\"style-css-av-e1rdzb-55624ef1b1bcfb820e971bbe872db53d\">\n.avia-image-container.av-e1rdzb-55624ef1b1bcfb820e971bbe872db53d img.avia_image{\nbox-shadow:none;\n}\n.avia-image-container.av-e1rdzb-55624ef1b1bcfb820e971bbe872db53d .av-image-caption-overlay-center{\ncolor:#ffffff;\n}\n<\/style>\n<div  class='avia-image-container av-e1rdzb-55624ef1b1bcfb820e971bbe872db53d av-styling- avia-align-center  avia-builder-el-6  el_after_av_textblock  el_before_av_textblock '   itemprop=\"image\" itemscope=\"itemscope\" itemtype=\"https:\/\/schema.org\/ImageObject\" ><div class=\"avia-image-container-inner\"><div class=\"avia-image-overlay-wrap\"><img decoding=\"async\" class='wp-image-4307 avia-img-lazy-loading-not-4307 avia_image ' src=\"https:\/\/www.griplan.com\/wp-content\/uploads\/2020\/09\/Roland_Griessmair.jpg\" alt='' title='Roland_Griessmair'  height=\"667\" width=\"1000\"  itemprop=\"thumbnailUrl\" srcset=\"https:\/\/www.griplan.com\/wp-content\/uploads\/2020\/09\/Roland_Griessmair.jpg 1000w, https:\/\/www.griplan.com\/wp-content\/uploads\/2020\/09\/Roland_Griessmair-300x200.jpg 300w, https:\/\/www.griplan.com\/wp-content\/uploads\/2020\/09\/Roland_Griessmair-768x512.jpg 768w, https:\/\/www.griplan.com\/wp-content\/uploads\/2020\/09\/Roland_Griessmair-705x470.jpg 705w, https:\/\/www.griplan.com\/wp-content\/uploads\/2020\/09\/Roland_Griessmair-450x300.jpg 450w\" sizes=\"(max-width: 1000px) 100vw, 1000px\" \/><\/div><\/div><\/div><br \/>\n<section  class='av_textblock_section av-cmw41z-c77478c3aea49ae654f018fc157e9ef8'  itemscope=\"itemscope\" itemtype=\"https:\/\/schema.org\/CreativeWork\" ><div class='avia_textblock'  itemprop=\"text\" ><p><span style=\"color: #ffffff;\">Roland Griessmair, amministratore delegato della griplan srl<\/span><\/p>\n<\/div><\/section><br \/>\n\n<style type=\"text\/css\" data-created_by=\"avia_inline_auto\" id=\"style-css-av-1txmjr-121b728bc22639f68138879a7148bf87\">\n#top .av_textblock_section.av-1txmjr-121b728bc22639f68138879a7148bf87 .avia_textblock{\ncolor:#ffffff;\n}\n<\/style>\n<section  class='av_textblock_section av-1txmjr-121b728bc22639f68138879a7148bf87'  itemscope=\"itemscope\" itemtype=\"https:\/\/schema.org\/CreativeWork\" ><div class='avia_textblock av_inherit_color'  itemprop=\"text\" ><p>Clicca qui per conoscere la nostra politica di pari opportunit\u00e0<\/p>\n<p><a href=\"https:\/\/www.griplan.com\/wp-content\/uploads\/2025\/01\/ALL1-POLITICA-Uni-PdR-125_Griplan.pdf\">ALL1- POLITICA Uni PdR 125_Griplan<\/a><\/p>\n<p>Clicca qui per il certificato di parit\u00e0 di genere<\/p>\n<p><a href=\"https:\/\/www.griplan.com\/wp-content\/uploads\/2025\/04\/2025-04-04-Zertifikat-Geschlechtergleichstellung-Griessmair-Roland.pdf\">2025 04 04 &#8211; Zertifikat Geschlechtergleichstellung &#8211; Griessmair Roland<\/a><\/p>\n<p>Clicca qui per il certificato di certificazione ESG<\/p>\n<p><a href=\"https:\/\/www.griplan.com\/wp-content\/uploads\/2025\/06\/RSM_ESG_2025_Ratings_Griplan_GmbH____1_-signed.pdf\">RSM_ESG_2025_Ratings_Griplan_GmbH____1_-signed<\/a><\/p>\n<\/div><\/section><\/p><\/div>\n<style type=\"text\/css\" data-created_by=\"avia_inline_auto\" id=\"style-css-av-alc09j-3afe0be1dc5a7ea2e34ba5e179ef9193\">\n.flex_column.av-alc09j-3afe0be1dc5a7ea2e34ba5e179ef9193{\n-webkit-border-radius:0px 0px 0px 0px;\n-moz-border-radius:0px 0px 0px 0px;\nborder-radius:0px 0px 0px 0px;\npadding:0px 0px 0px 0px;\n}\n<\/style>\n<div class='flex_column av-alc09j-3afe0be1dc5a7ea2e34ba5e179ef9193 av_one_third  avia-builder-el-9  el_after_av_one_third  el_before_av_one_third  flex_column_div av-zero-column-padding '     ><p>\n<style type=\"text\/css\" data-created_by=\"avia_inline_auto\" id=\"style-css-av-8z10zr-82ea222f29647c92d71148a7f02eb338\">\n#top .av-special-heading.av-8z10zr-82ea222f29647c92d71148a7f02eb338{\npadding-bottom:20px;\ncolor:#ffffff;\nfont-size:40px;\n}\nbody .av-special-heading.av-8z10zr-82ea222f29647c92d71148a7f02eb338 .av-special-heading-tag .heading-char{\nfont-size:25px;\n}\n#top #wrap_all .av-special-heading.av-8z10zr-82ea222f29647c92d71148a7f02eb338 .av-special-heading-tag{\nfont-size:40px;\n}\n.av-special-heading.av-8z10zr-82ea222f29647c92d71148a7f02eb338 .special-heading-inner-border{\nborder-color:#ffffff;\n}\n.av-special-heading.av-8z10zr-82ea222f29647c92d71148a7f02eb338 .av-subheading{\nfont-size:15px;\n}\n\n@media only screen and (min-width: 480px) and (max-width: 767px){ \n#top #wrap_all .av-special-heading.av-8z10zr-82ea222f29647c92d71148a7f02eb338 .av-special-heading-tag{\nfont-size:0.8em;\n}\n}\n\n@media only screen and (max-width: 479px){ \n#top #wrap_all .av-special-heading.av-8z10zr-82ea222f29647c92d71148a7f02eb338 .av-special-heading-tag{\nfont-size:0.8em;\n}\n}\n<\/style>\n<div  class='av-special-heading av-8z10zr-82ea222f29647c92d71148a7f02eb338 av-special-heading-h3 custom-color-heading blockquote modern-quote modern-centered  avia-builder-el-10  el_before_av_textblock  avia-builder-el-first  av-inherit-size'><h3 class='av-special-heading-tag'  itemprop=\"headline\"  >Perch\u00e9 complicare cose che possono essere realizzate in modo semplice?<\/h3><div class=\"special-heading-border\"><div class=\"special-heading-inner-border\"><\/div><\/div><\/div><br \/>\n\n<style type=\"text\/css\" data-created_by=\"avia_inline_auto\" id=\"style-css-av-7v0hfb-3a8dedb46673d58462086682164e009b\">\n#top .av_textblock_section.av-7v0hfb-3a8dedb46673d58462086682164e009b .avia_textblock{\ncolor:#ffffff;\n}\n<\/style>\n<section  class='av_textblock_section av-7v0hfb-3a8dedb46673d58462086682164e009b'  itemscope=\"itemscope\" itemtype=\"https:\/\/schema.org\/CreativeWork\" ><div class='avia_textblock av_inherit_color'  itemprop=\"text\" ><p>Perch\u00e9 complicare cose che possono essere realizzate in modo semplice? Strutture semplici e trasparenti, questo \u00e8 il desiderio dei committenti. griplan si assume la responsabilit\u00e0 di tutte le progettazioni specialistiche, della pianificazione, delle opere strutturali e degli impianti: avrete un solo interlocutore.<\/p>\n<p>Come progettisti generali abbiamo il compito della progettazione e del coordinamento, nonch\u00e9 la responsabilit\u00e0 di una efficace realizzazione del vostro progetto. Con questo tipo di gestione si ottiene uno scambio di informazioni privo di rallentamenti e soggetto a un minor numero di errori. L\u2019elemento centrale della progettazione generale \u00e8 un <b>project management<\/b> efficace. Ci\u00f2 richiede pianificazione, coordinamento, gestione e controllo durante l\u2019intero processo della progettazione.<\/p>\n<p>Su richiesta griplan offre queste prestazioni in conformit\u00e0 al <b>Building Information Modeling (BIM)<\/b>. Il valore aggiunto del metodo BIM \u00e8 dato dalla valenza qualitativa, dell\u2019attualit\u00e0 e la disponibilit\u00e0 permanente di tutte le informazioni riguardanti il progetto, per tutti i compartecipi. Dal modello tridimensionale dell\u00b4edificio \u00e8 possibile, integrando il fattore tempo-costi e attribuendo specifiche caratteristiche ai singoli componenti, ricavare una banca dati completa.<span class=\"Apple-converted-space\"> <\/span><\/p>\n<p>Il BIM ci aiuta a gestire la progettazione in maniera integrata minimizzando i rischi grazie alla modellazione digitale del progetto. Per questo motivo tutti i progetti vengono elaborati su infrastruttura digitale, utilizzando software BIM-compatibili durante le fasi di progettazione, gestione, verifica e simulazione.<\/p>\n<p>Nell\u00b4openBIM workflow i software come Archicad, Allplan, Lumion, Solibri e Bimplus vengono utilizzati in cloud.<\/p>\n<p>Riusciamo ad evitare pianificazioni errate fin dai primissimi stadi della progettazione, errori che si rivelerebbero costosi sia dal punto di vista temporale che finanziario. Inoltre il BIM assicura contemporaneamente flessibilit\u00e0 e controllo durante la realizzazione. Su specifica richiesta il committente pu\u00f2 ottenere una copia digitale dell\u2019edificio. Tale modello potr\u00e0 inoltre essere utilizzato attraverso l\u2019impiego di un software adeguato per il facility management. Infine, durante il ciclo di vita dei vostri immobili l\u2019uso di questi modelli intelligenti permette un risparmio duraturo e notevole sui costi d\u2019esercizio.<span class=\"Apple-converted-space\"> <\/span><\/p>\n<p>Per quanto riguarda la progettazione generale e le progettazioni specialistiche queste vengono svolte per intero su un unico software e in un unico modello 3D, minimizzando cos\u00ec gli errori e migliorando le tempistiche. La progettazione viene accompagnata da rendering fotorealistici, rendendo cos\u00ec il progetto leggibile e realistico per i clienti. Inoltre il modello 3D funge da base per i bandi e i computi metrici.<\/p>\n<\/div><\/section><\/p><\/div>\n<style type=\"text\/css\" data-created_by=\"avia_inline_auto\" id=\"style-css-av-5r7kon-d7ff2c299b6ecee15681524845fc1ee2\">\n.flex_column.av-5r7kon-d7ff2c299b6ecee15681524845fc1ee2{\n-webkit-border-radius:0px 0px 0px 0px;\n-moz-border-radius:0px 0px 0px 0px;\nborder-radius:0px 0px 0px 0px;\npadding:0px 0px 0px 0px;\n}\n<\/style>\n<div class='flex_column av-5r7kon-d7ff2c299b6ecee15681524845fc1ee2 av_one_third  avia-builder-el-12  el_after_av_one_third  avia-builder-el-last  flex_column_div av-zero-column-padding '     ><p>\n<style type=\"text\/css\" data-created_by=\"avia_inline_auto\" id=\"style-css-av-4e9yh3-1019bbededc7b3b76379369f670f440d\">\n#top .av-special-heading.av-4e9yh3-1019bbededc7b3b76379369f670f440d{\npadding-bottom:20px;\ncolor:#ffffff;\nfont-size:40px;\n}\nbody .av-special-heading.av-4e9yh3-1019bbededc7b3b76379369f670f440d .av-special-heading-tag .heading-char{\nfont-size:25px;\n}\n#top #wrap_all .av-special-heading.av-4e9yh3-1019bbededc7b3b76379369f670f440d .av-special-heading-tag{\nfont-size:40px;\n}\n.av-special-heading.av-4e9yh3-1019bbededc7b3b76379369f670f440d .special-heading-inner-border{\nborder-color:#ffffff;\n}\n.av-special-heading.av-4e9yh3-1019bbededc7b3b76379369f670f440d .av-subheading{\nfont-size:15px;\n}\n\n@media only screen and (min-width: 480px) and (max-width: 767px){ \n#top #wrap_all .av-special-heading.av-4e9yh3-1019bbededc7b3b76379369f670f440d .av-special-heading-tag{\nfont-size:0.8em;\n}\n}\n\n@media only screen and (max-width: 479px){ \n#top #wrap_all .av-special-heading.av-4e9yh3-1019bbededc7b3b76379369f670f440d .av-special-heading-tag{\nfont-size:0.8em;\n}\n}\n<\/style>\n<div  class='av-special-heading av-4e9yh3-1019bbededc7b3b76379369f670f440d av-special-heading-h3 custom-color-heading blockquote modern-quote modern-centered  avia-builder-el-13  el_before_av_textblock  avia-builder-el-first  av-inherit-size'><h3 class='av-special-heading-tag'  itemprop=\"headline\"  >Prestazioni<\/h3><div class=\"special-heading-border\"><div class=\"special-heading-inner-border\"><\/div><\/div><\/div><br \/>\n\n<style type=\"text\/css\" data-created_by=\"avia_inline_auto\" id=\"style-css-av-2dtpvb-94c30a7c9ee81cf270c2354469d09c2b\">\n#top .av_textblock_section.av-2dtpvb-94c30a7c9ee81cf270c2354469d09c2b .avia_textblock{\ncolor:#ffffff;\n}\n<\/style>\n<section  class='av_textblock_section av-2dtpvb-94c30a7c9ee81cf270c2354469d09c2b'  itemscope=\"itemscope\" itemtype=\"https:\/\/schema.org\/CreativeWork\" ><div class='avia_textblock av_inherit_color'  itemprop=\"text\" ><ul>\n<li>Progettazione generale basata su BIM<span class=\"Apple-converted-space\"> <\/span><\/li>\n<li>Progettazione specialistica del progetto nei settori dell\u2019architettura, della progettazione strutturale, dell\u2019impiantistica, del coordinamento della sicurezza, dell\u2019acustica e della certificazione CasaClima<\/li>\n<li>Progettazione urbanistica di base (piano urbanistico, piani d\u2019attuazione, ecc.)<\/li>\n<li>Rendering fotorealistici fino a modelli per la simulazione della realt\u00e0 virtuale (con visore 3D)<\/li>\n<li>Perizie tecniche e studi di fattibilit\u00e0<\/li>\n<\/ul>\n<\/div><\/section><\/p><\/div><\/div><\/div><\/div><!-- close content main div --><\/div><\/div><\/div><div id='after_section_2'  class='main_color av_default_container_wrap container_wrap sidebar_right'  ><div class='container av-section-cont-open' ><div class='template-page content  av-content-small alpha units'><div class='post-entry post-entry-type-page post-entry-4312'><div class='entry-content-wrapper clearfix'>\n","protected":false},"excerpt":{"rendered":"","protected":false},"author":1,"featured_media":0,"parent":0,"menu_order":0,"comment_status":"closed","ping_status":"closed","template":"","meta":{"footnotes":""},"class_list":["post-4312","page","type-page","status-publish","hentry"],"_links":{"self":[{"href":"https:\/\/www.griplan.com\/it\/wp-json\/wp\/v2\/pages\/4312"}],"collection":[{"href":"https:\/\/www.griplan.com\/it\/wp-json\/wp\/v2\/pages"}],"about":[{"href":"https:\/\/www.griplan.com\/it\/wp-json\/wp\/v2\/types\/page"}],"author":[{"embeddable":true,"href":"https:\/\/www.griplan.com\/it\/wp-json\/wp\/v2\/users\/1"}],"replies":[{"embeddable":true,"href":"https:\/\/www.griplan.com\/it\/wp-json\/wp\/v2\/comments?post=4312"}],"version-history":[{"count":54,"href":"https:\/\/www.griplan.com\/it\/wp-json\/wp\/v2\/pages\/4312\/revisions"}],"predecessor-version":[{"id":5026,"href":"https:\/\/www.griplan.com\/it\/wp-json\/wp\/v2\/pages\/4312\/revisions\/5026"}],"wp:attachment":[{"href":"https:\/\/www.griplan.com\/it\/wp-json\/wp\/v2\/media?parent=4312"}],"curies":[{"name":"wp","href":"https:\/\/api.w.org\/{rel}","templated":true}]}}