{"id":4695,"date":"2024-08-01T06:29:02","date_gmt":"2024-08-01T04:29:02","guid":{"rendered":"https:\/\/www.griplan.com\/technik\/"},"modified":"2024-08-01T06:29:02","modified_gmt":"2024-08-01T04:29:02","slug":"technik","status":"publish","type":"page","link":"https:\/\/www.griplan.com\/it\/technik\/","title":{"rendered":"Technik"},"content":{"rendered":"<p><strong>Titelbilder<\/strong> Slider 1500&#215;630 Px <strong>Personalseite<\/strong>: Treffe das Team &#8211; Als Rasterzellen aufgemacht; Bilder immer 1\/4 Breite, auf Handy volle Breite; abwechselnd Bild links, Text rechts, n\u00e4chste Rasterzeile umgekehrt; gesamte Elemente (Rasterzeile) kann man duplizieren, \u00fcberschreiben, verschieben; innerhalb der Elemente ist das nicht m\u00f6glich; Bilder sind 1200&#215;1200 Px gro\u00df, das von Roland 1500&#215;1000 <strong>Referenzen<\/strong>: einzelne Referenzen sind <strong>Portfolioeintr\u00e4ge<\/strong> und werden auf der Seite <strong>Projekte<\/strong> angezeigt; die Bilder haben eine Breite von 1000 Pixel, die ideale H\u00f6he ist 562Px, bei Pl\u00e4nen ist die H\u00f6he frei. Jedem Projekt Kategorie zuweisen, dann kann nach diesen sortiert werden. <strong>\u00dcbersetzungen<\/strong>: Alle neuen Projekte, Seiten und Korrekturen m\u00fcssen mit WPML \u00fcbersetzt werden. Auf das + bei WPML \u00dcbersetzung klicken und dann dort die \u00dcbersetzung machen; wurde bereits (teilweise) \u00fcbersetzt, ist neben italienisch statt dem + ein Zahnrad; auf dieses klicken und \u00dcbersetzungen korrigieren.<\/p>\n","protected":false},"excerpt":{"rendered":"<p>Titelbilder Slider 1500&#215;630 Px Personalseite: Treffe das Team &#8211; Als Rasterzellen aufgemacht; Bilder immer 1\/4 Breite, auf Handy volle Breite; abwechselnd Bild links, Text rechts, n\u00e4chste Rasterzeile umgekehrt; gesamte Elemente (Rasterzeile) kann man duplizieren, \u00fcberschreiben, verschieben; innerhalb der Elemente ist das nicht m\u00f6glich; Bilder sind 1200&#215;1200 Px gro\u00df, das von Roland 1500&#215;1000 Referenzen: einzelne Referenzen [&hellip;]<\/p>\n","protected":false},"author":1,"featured_media":0,"parent":0,"menu_order":0,"comment_status":"closed","ping_status":"closed","template":"","meta":{"footnotes":""},"class_list":["post-4695","page","type-page","status-publish","hentry"],"_links":{"self":[{"href":"https:\/\/www.griplan.com\/it\/wp-json\/wp\/v2\/pages\/4695"}],"collection":[{"href":"https:\/\/www.griplan.com\/it\/wp-json\/wp\/v2\/pages"}],"about":[{"href":"https:\/\/www.griplan.com\/it\/wp-json\/wp\/v2\/types\/page"}],"author":[{"embeddable":true,"href":"https:\/\/www.griplan.com\/it\/wp-json\/wp\/v2\/users\/1"}],"replies":[{"embeddable":true,"href":"https:\/\/www.griplan.com\/it\/wp-json\/wp\/v2\/comments?post=4695"}],"version-history":[{"count":0,"href":"https:\/\/www.griplan.com\/it\/wp-json\/wp\/v2\/pages\/4695\/revisions"}],"wp:attachment":[{"href":"https:\/\/www.griplan.com\/it\/wp-json\/wp\/v2\/media?parent=4695"}],"curies":[{"name":"wp","href":"https:\/\/api.w.org\/{rel}","templated":true}]}}