{"id":4761,"date":"2024-09-19T15:42:49","date_gmt":"2024-09-19T13:42:49","guid":{"rendered":"https:\/\/www.griplan.com\/home-nuovi-motivi\/"},"modified":"2024-09-24T08:52:18","modified_gmt":"2024-09-24T06:52:18","slug":"home-nuovi-motivi","status":"publish","type":"page","link":"https:\/\/www.griplan.com\/it\/home-nuovi-motivi\/","title":{"rendered":"Home nuovi motivi"},"content":{"rendered":"<div id='full_slider_1'  class='avia-fullwidth-slider main_color avia-shadow   avia-builder-el-0  avia-builder-el-no-sibling   container_wrap sidebar_right'  >\n<style type=\"text\/css\" data-created_by=\"avia_inline_auto\" id=\"style-css-av-m19cde3o-755fce80ed87d2b10844aa49b8a3a020\">\n#top #wrap_all .avia-slideshow .av-slideshow-caption.av-m19cde3o-755fce80ed87d2b10844aa49b8a3a020__0 .avia-caption-title{\nfont-size:55px;\ncolor:#05498c;\n}\n#top .avia-slideshow .av-slideshow-caption.av-m19cde3o-755fce80ed87d2b10844aa49b8a3a020__0 .avia-caption-content{\ncolor:#05498c;\n}\n#top #wrap_all .avia-slideshow .av-slideshow-caption.av-m19cde3o-755fce80ed87d2b10844aa49b8a3a020__1 .avia-caption-title{\nfont-size:55px;\ncolor:#05498c;\n}\n#top .avia-slideshow .av-slideshow-caption.av-m19cde3o-755fce80ed87d2b10844aa49b8a3a020__1 .avia-caption-content{\ncolor:#05498c;\n}\n#top #wrap_all .avia-slideshow .av-slideshow-caption.av-m19cde3o-755fce80ed87d2b10844aa49b8a3a020__2 .avia-caption-title{\nfont-size:55px;\ncolor:#86afce;\n}\n#top .avia-slideshow .av-slideshow-caption.av-m19cde3o-755fce80ed87d2b10844aa49b8a3a020__2 .avia-caption-content{\ncolor:#86afce;\n}\n#top #wrap_all .avia-slideshow .av-slideshow-caption.av-m19cde3o-755fce80ed87d2b10844aa49b8a3a020__3 .avia-caption-title{\nfont-size:55px;\ncolor:#05498c;\n}\n#top .avia-slideshow .av-slideshow-caption.av-m19cde3o-755fce80ed87d2b10844aa49b8a3a020__3 .avia-caption-content{\ncolor:#05498c;\n}\n#top #wrap_all .avia-slideshow .av-slideshow-caption.av-m19cde3o-755fce80ed87d2b10844aa49b8a3a020__4 .avia-caption-title{\nfont-size:55px;\ncolor:#05498c;\n}\n#top .avia-slideshow .av-slideshow-caption.av-m19cde3o-755fce80ed87d2b10844aa49b8a3a020__4 .avia-caption-content{\ncolor:#05498c;\n}\n#top #wrap_all .avia-slideshow .av-slideshow-caption.av-m19cde3o-755fce80ed87d2b10844aa49b8a3a020__5 .avia-caption-title{\nfont-size:55px;\ncolor:#05498c;\n}\n#top .avia-slideshow .av-slideshow-caption.av-m19cde3o-755fce80ed87d2b10844aa49b8a3a020__5 .avia-caption-content{\ncolor:#05498c;\n}\n#top #wrap_all .avia-slideshow .av-slideshow-caption.av-m19cde3o-755fce80ed87d2b10844aa49b8a3a020__6 .avia-caption-title{\nfont-size:55px;\ncolor:#05498c;\n}\n#top .avia-slideshow .av-slideshow-caption.av-m19cde3o-755fce80ed87d2b10844aa49b8a3a020__6 .avia-caption-content{\ncolor:#05498c;\n}\n#top #wrap_all .avia-slideshow .av-slideshow-caption.av-m19cde3o-755fce80ed87d2b10844aa49b8a3a020__7 .avia-caption-title{\nfont-size:55px;\ncolor:#05498c;\n}\n#top .avia-slideshow .av-slideshow-caption.av-m19cde3o-755fce80ed87d2b10844aa49b8a3a020__7 .avia-caption-content{\ncolor:#05498c;\n}\n#top #wrap_all .avia-slideshow .av-slideshow-caption.av-m19cde3o-755fce80ed87d2b10844aa49b8a3a020__8 .avia-caption-title{\nfont-size:55px;\ncolor:#05498c;\n}\n#top .avia-slideshow .av-slideshow-caption.av-m19cde3o-755fce80ed87d2b10844aa49b8a3a020__8 .avia-caption-content{\ncolor:#05498c;\n}\n#top #wrap_all .avia-slideshow .av-slideshow-caption.av-m19cde3o-755fce80ed87d2b10844aa49b8a3a020__9 .avia-caption-title{\nfont-size:55px;\ncolor:#05498c;\n}\n#top .avia-slideshow .av-slideshow-caption.av-m19cde3o-755fce80ed87d2b10844aa49b8a3a020__9 .avia-caption-content{\ncolor:#05498c;\n}\n#top #wrap_all .avia-slideshow .av-slideshow-caption.av-m19cde3o-755fce80ed87d2b10844aa49b8a3a020__10 .avia-caption-title{\nfont-size:55px;\ncolor:#05498c;\n}\n#top .avia-slideshow .av-slideshow-caption.av-m19cde3o-755fce80ed87d2b10844aa49b8a3a020__10 .avia-caption-content{\ncolor:#05498c;\n}\n#top #wrap_all .avia-slideshow .av-slideshow-caption.av-m19cde3o-755fce80ed87d2b10844aa49b8a3a020__11 .avia-caption-title{\nfont-size:55px;\ncolor:#05498c;\n}\n#top .avia-slideshow .av-slideshow-caption.av-m19cde3o-755fce80ed87d2b10844aa49b8a3a020__11 .avia-caption-content{\ncolor:#05498c;\n}\n<\/style>\n<div  class='avia-slideshow av-m19cde3o-755fce80ed87d2b10844aa49b8a3a020 avia-slideshow-featured_large av_slideshow_full avia-fade-slider av-slideshow-ui av-control-minimal av-slideshow-autoplay av-loop-endless av-loop-manual-endless av-default-height-applied   avia-slideshow-1' data-slideshow-options=\"{&quot;animation&quot;:&quot;fade&quot;,&quot;autoplay&quot;:true,&quot;loop_autoplay&quot;:&quot;endless&quot;,&quot;interval&quot;:5,&quot;loop_manual&quot;:&quot;manual-endless&quot;,&quot;autoplay_stopper&quot;:false,&quot;noNavigation&quot;:false,&quot;bg_slider&quot;:false,&quot;keep_padding&quot;:false,&quot;hoverpause&quot;:false,&quot;show_slide_delay&quot;:0}\"  itemprop=\"image\" itemscope=\"itemscope\" itemtype=\"https:\/\/schema.org\/ImageObject\" ><ul class='avia-slideshow-inner ' style='padding-bottom: 42%;'><li  class='avia-slideshow-slide av-m19cde3o-755fce80ed87d2b10844aa49b8a3a020__0  slide-1 slide-odd'><div data-rel='slideshow-1' class='avia-slide-wrap '   ><div class='av-slideshow-caption av-m19cde3o-755fce80ed87d2b10844aa49b8a3a020__0 caption_fullwidth caption_left'><div class=\"container caption_container\"><div class=\"slideshow_caption\"><div class=\"slideshow_inner_caption\"><div class=\"slideshow_align_caption\"><h2 class='avia-caption-title '  itemprop=\"name\" >La nostra forza \u00e8 la progettazione generale.<\/h2><div class='avia-caption-content av_inherit_color'  itemprop=\"description\" ><p>Cos\u00ec puoi concentrarti sulle cose importanti della vita.<\/p>\n<\/div><\/div><\/div><\/div><\/div><\/div><img decoding=\"async\" class=\"wp-image-4648 avia-img-lazy-loading-not-4648\"  src=\"https:\/\/www.griplan.com\/wp-content\/uploads\/2022\/10\/Webseite_titel1-2000a-1500x630.jpg\" width=\"1500\" height=\"630\" title='Webseite_titel1-2000a' alt=''  itemprop=\"thumbnailUrl\"  style='min-height:500px; min-width:1191px; ' srcset=\"https:\/\/www.griplan.com\/wp-content\/uploads\/2022\/10\/Webseite_titel1-2000a.jpg 1500w, https:\/\/www.griplan.com\/wp-content\/uploads\/2022\/10\/Webseite_titel1-2000a-300x126.jpg 300w, https:\/\/www.griplan.com\/wp-content\/uploads\/2022\/10\/Webseite_titel1-2000a-1030x433.jpg 1030w, https:\/\/www.griplan.com\/wp-content\/uploads\/2022\/10\/Webseite_titel1-2000a-768x323.jpg 768w, https:\/\/www.griplan.com\/wp-content\/uploads\/2022\/10\/Webseite_titel1-2000a-705x296.jpg 705w\" sizes=\"(max-width: 1500px) 100vw, 1500px\" \/><\/div><\/li><li  class='avia-slideshow-slide av-m19cde3o-755fce80ed87d2b10844aa49b8a3a020__1  slide-2 slide-even'><div data-rel='slideshow-1' class='avia-slide-wrap '   ><div class='av-slideshow-caption av-m19cde3o-755fce80ed87d2b10844aa49b8a3a020__1 caption_fullwidth caption_left'><div class=\"container caption_container\"><div class=\"slideshow_caption\"><div class=\"slideshow_inner_caption\"><div class=\"slideshow_align_caption\"><h2 class='avia-caption-title '  itemprop=\"name\" >Sedetevi e rilassatevi<\/h2><div class='avia-caption-content av_inherit_color'  itemprop=\"description\" ><p>Ci prendiamo cura della tua costruzione dalla A alla Z affinch\u00e9 tu possa concentrarti sulle cose importanti della vita.<\/p>\n<\/div><\/div><\/div><\/div><\/div><\/div><img decoding=\"async\" class=\"wp-image-4310 avia-img-lazy-loading-not-4310\"  src=\"https:\/\/www.griplan.com\/wp-content\/uploads\/2022\/08\/Griplan_titel_Web_2022-1500x630.jpg\" width=\"1500\" height=\"630\" title='Griplan_titel_Web_2022' alt=''  itemprop=\"thumbnailUrl\"  style='min-height:500px; min-width:1191px; ' srcset=\"https:\/\/www.griplan.com\/wp-content\/uploads\/2022\/08\/Griplan_titel_Web_2022.jpg 1500w, https:\/\/www.griplan.com\/wp-content\/uploads\/2022\/08\/Griplan_titel_Web_2022-300x126.jpg 300w, https:\/\/www.griplan.com\/wp-content\/uploads\/2022\/08\/Griplan_titel_Web_2022-1030x433.jpg 1030w, https:\/\/www.griplan.com\/wp-content\/uploads\/2022\/08\/Griplan_titel_Web_2022-768x323.jpg 768w, https:\/\/www.griplan.com\/wp-content\/uploads\/2022\/08\/Griplan_titel_Web_2022-705x296.jpg 705w\" sizes=\"(max-width: 1500px) 100vw, 1500px\" \/><\/div><\/li><li  class='avia-slideshow-slide av-m19cde3o-755fce80ed87d2b10844aa49b8a3a020__2  slide-3 slide-odd'><div data-rel='slideshow-1' class='avia-slide-wrap '   ><div class='av-slideshow-caption av-m19cde3o-755fce80ed87d2b10844aa49b8a3a020__2 caption_fullwidth caption_left'><div class=\"container caption_container\"><div class=\"slideshow_caption\"><div class=\"slideshow_inner_caption\"><div class=\"slideshow_align_caption\"><h2 class='avia-caption-title '  itemprop=\"name\" >Perch\u00e8 complicare cose che possono essere realizzate in modo semplice?<\/h2><div class='avia-caption-content av_inherit_color'  itemprop=\"description\" ><p>Ci assicuriamo che le strutture rimangano semplici e dirette.<\/p>\n<\/div><\/div><\/div><\/div><\/div><\/div><img decoding=\"async\" class=\"wp-image-4715 avia-img-lazy-loading-not-4715\"  src=\"https:\/\/www.griplan.com\/wp-content\/uploads\/2024\/09\/shutterstock_517522192.jpg\" width=\"1500\" height=\"630\" title='shutterstock_517522192' alt=''  itemprop=\"thumbnailUrl\"  style='min-height:500px; min-width:1191px; ' srcset=\"https:\/\/www.griplan.com\/wp-content\/uploads\/2024\/09\/shutterstock_517522192.jpg 1500w, https:\/\/www.griplan.com\/wp-content\/uploads\/2024\/09\/shutterstock_517522192-300x126.jpg 300w, https:\/\/www.griplan.com\/wp-content\/uploads\/2024\/09\/shutterstock_517522192-1030x433.jpg 1030w, https:\/\/www.griplan.com\/wp-content\/uploads\/2024\/09\/shutterstock_517522192-768x323.jpg 768w, https:\/\/www.griplan.com\/wp-content\/uploads\/2024\/09\/shutterstock_517522192-705x296.jpg 705w\" sizes=\"(max-width: 1500px) 100vw, 1500px\" \/><\/div><\/li><li  class='avia-slideshow-slide av-m19cde3o-755fce80ed87d2b10844aa49b8a3a020__3  slide-4 slide-even'><div data-rel='slideshow-1' class='avia-slide-wrap '   ><div class='av-slideshow-caption av-m19cde3o-755fce80ed87d2b10844aa49b8a3a020__3 caption_fullwidth caption_left'><div class=\"container caption_container\"><div class=\"slideshow_caption\"><div class=\"slideshow_inner_caption\"><div class=\"slideshow_align_caption\"><h2 class='avia-caption-title '  itemprop=\"name\" >Filiali a Brunico e sul Lago di Garda<\/h2><div class='avia-caption-content av_inherit_color'  itemprop=\"description\" ><p>Pi\u00f9 vicini al cliente grazie a una politica di localizzazione decentralizzata.<\/p>\n<\/div><\/div><\/div><\/div><\/div><\/div><img decoding=\"async\" class=\"wp-image-4711 avia-img-lazy-loading-not-4711\"  src=\"https:\/\/www.griplan.com\/wp-content\/uploads\/2024\/09\/shutterstock_310656119.jpg\" width=\"1500\" height=\"630\" title='shutterstock_310656119' alt=''  itemprop=\"thumbnailUrl\"  style='min-height:500px; min-width:1191px; ' srcset=\"https:\/\/www.griplan.com\/wp-content\/uploads\/2024\/09\/shutterstock_310656119.jpg 1500w, https:\/\/www.griplan.com\/wp-content\/uploads\/2024\/09\/shutterstock_310656119-300x126.jpg 300w, https:\/\/www.griplan.com\/wp-content\/uploads\/2024\/09\/shutterstock_310656119-1030x433.jpg 1030w, https:\/\/www.griplan.com\/wp-content\/uploads\/2024\/09\/shutterstock_310656119-768x323.jpg 768w, https:\/\/www.griplan.com\/wp-content\/uploads\/2024\/09\/shutterstock_310656119-705x296.jpg 705w\" sizes=\"(max-width: 1500px) 100vw, 1500px\" \/><\/div><\/li><li  class='avia-slideshow-slide av-m19cde3o-755fce80ed87d2b10844aa49b8a3a020__4  slide-5 slide-odd'><div data-rel='slideshow-1' class='avia-slide-wrap '   ><div class='av-slideshow-caption av-m19cde3o-755fce80ed87d2b10844aa49b8a3a020__4 caption_fullwidth caption_left'><div class=\"container caption_container\"><div class=\"slideshow_caption\"><div class=\"slideshow_inner_caption\"><div class=\"slideshow_align_caption\"><h2 class='avia-caption-title '  itemprop=\"name\" >Un unico referente per l\u2019intero processo di pianificazione<\/h2><div class='avia-caption-content av_inherit_color'  itemprop=\"description\" ><p>Evitaimo dispendiosi coordinamenti tra i singoli progettisti Ci\u00f2 consente ai clienti di risparmiare tempo e denaro.<\/p>\n<\/div><\/div><\/div><\/div><\/div><\/div><img decoding=\"async\" class=\"wp-image-4719 avia-img-lazy-loading-not-4719\"  src=\"https:\/\/www.griplan.com\/wp-content\/uploads\/2024\/09\/shutterstock_286182515.jpg\" width=\"1500\" height=\"630\" title='shutterstock_286182515' alt=''  itemprop=\"thumbnailUrl\"  style='min-height:500px; min-width:1191px; ' srcset=\"https:\/\/www.griplan.com\/wp-content\/uploads\/2024\/09\/shutterstock_286182515.jpg 1500w, https:\/\/www.griplan.com\/wp-content\/uploads\/2024\/09\/shutterstock_286182515-300x126.jpg 300w, https:\/\/www.griplan.com\/wp-content\/uploads\/2024\/09\/shutterstock_286182515-1030x433.jpg 1030w, https:\/\/www.griplan.com\/wp-content\/uploads\/2024\/09\/shutterstock_286182515-768x323.jpg 768w, https:\/\/www.griplan.com\/wp-content\/uploads\/2024\/09\/shutterstock_286182515-705x296.jpg 705w\" sizes=\"(max-width: 1500px) 100vw, 1500px\" \/><\/div><\/li><li  class='avia-slideshow-slide av-m19cde3o-755fce80ed87d2b10844aa49b8a3a020__5  slide-6 slide-even'><div data-rel='slideshow-1' class='avia-slide-wrap '   ><div class='av-slideshow-caption av-m19cde3o-755fce80ed87d2b10844aa49b8a3a020__5 caption_fullwidth caption_left'><div class=\"container caption_container\"><div class=\"slideshow_caption\"><div class=\"slideshow_inner_caption\"><div class=\"slideshow_align_caption\"><h2 class='avia-caption-title '  itemprop=\"name\" >Siamo specializzati in concetti di ambienti innovativi<\/h2><div class='avia-caption-content av_inherit_color'  itemprop=\"description\" ><p>Vi aiutiamo a ottimizzare la Vostra costruzione<\/p>\n<\/div><\/div><\/div><\/div><\/div><\/div><img decoding=\"async\" class=\"wp-image-4713 avia-img-lazy-loading-not-4713\"  src=\"https:\/\/www.griplan.com\/wp-content\/uploads\/2024\/09\/shutterstock_49566931.jpg\" width=\"1500\" height=\"630\" title='shutterstock_49566931' alt=''  itemprop=\"thumbnailUrl\"  style='min-height:500px; min-width:1191px; ' srcset=\"https:\/\/www.griplan.com\/wp-content\/uploads\/2024\/09\/shutterstock_49566931.jpg 1500w, https:\/\/www.griplan.com\/wp-content\/uploads\/2024\/09\/shutterstock_49566931-300x126.jpg 300w, https:\/\/www.griplan.com\/wp-content\/uploads\/2024\/09\/shutterstock_49566931-1030x433.jpg 1030w, https:\/\/www.griplan.com\/wp-content\/uploads\/2024\/09\/shutterstock_49566931-768x323.jpg 768w, https:\/\/www.griplan.com\/wp-content\/uploads\/2024\/09\/shutterstock_49566931-705x296.jpg 705w\" sizes=\"(max-width: 1500px) 100vw, 1500px\" \/><\/div><\/li><li  class='avia-slideshow-slide av-m19cde3o-755fce80ed87d2b10844aa49b8a3a020__6  slide-7 slide-odd'><div data-rel='slideshow-1' class='avia-slide-wrap '   ><div class='av-slideshow-caption av-m19cde3o-755fce80ed87d2b10844aa49b8a3a020__6 caption_fullwidth caption_left'><div class=\"container caption_container\"><div class=\"slideshow_caption\"><div class=\"slideshow_inner_caption\"><div class=\"slideshow_align_caption\"><h2 class='avia-caption-title '  itemprop=\"name\" >Approfittate di soluzioni di design efficienti<\/h2><div class='avia-caption-content av_inherit_color'  itemprop=\"description\" ><p>Con tutta la nostra fantasia, non dimentichiamo di guardare all&#8217;aspetto economico.<\/p>\n<\/div><\/div><\/div><\/div><\/div><\/div><img decoding=\"async\" class=\"wp-image-4728 avia-img-lazy-loading-not-4728\"  src=\"https:\/\/www.griplan.com\/wp-content\/uploads\/2024\/09\/shutterstock_173520410.jpg\" width=\"1500\" height=\"630\" title='shutterstock_173520410' alt=''  itemprop=\"thumbnailUrl\"  style='min-height:500px; min-width:1191px; ' srcset=\"https:\/\/www.griplan.com\/wp-content\/uploads\/2024\/09\/shutterstock_173520410.jpg 1500w, https:\/\/www.griplan.com\/wp-content\/uploads\/2024\/09\/shutterstock_173520410-300x126.jpg 300w, https:\/\/www.griplan.com\/wp-content\/uploads\/2024\/09\/shutterstock_173520410-1030x433.jpg 1030w, https:\/\/www.griplan.com\/wp-content\/uploads\/2024\/09\/shutterstock_173520410-768x323.jpg 768w, https:\/\/www.griplan.com\/wp-content\/uploads\/2024\/09\/shutterstock_173520410-705x296.jpg 705w\" sizes=\"(max-width: 1500px) 100vw, 1500px\" \/><\/div><\/li><li  class='avia-slideshow-slide av-m19cde3o-755fce80ed87d2b10844aa49b8a3a020__7  slide-8 slide-even'><div data-rel='slideshow-1' class='avia-slide-wrap '   ><div class='av-slideshow-caption av-m19cde3o-755fce80ed87d2b10844aa49b8a3a020__7 caption_fullwidth caption_left'><div class=\"container caption_container\"><div class=\"slideshow_caption\"><div class=\"slideshow_inner_caption\"><div class=\"slideshow_align_caption\"><h2 class='avia-caption-title '  itemprop=\"name\" >La pianificazione ottimizzata dei costi \u00e8 la nostra base<\/h2><div class='avia-caption-content av_inherit_color'  itemprop=\"description\" ><p>Questa idea di base ci accompagna dall&#8217;idea al progetto finito.<\/p>\n<\/div><\/div><\/div><\/div><\/div><\/div><img decoding=\"async\" class=\"wp-image-4721 avia-img-lazy-loading-not-4721\"  src=\"https:\/\/www.griplan.com\/wp-content\/uploads\/2024\/09\/shutterstock_107172512.jpg\" width=\"1500\" height=\"630\" title='shutterstock_107172512' alt=''  itemprop=\"thumbnailUrl\"  style='min-height:500px; min-width:1191px; ' srcset=\"https:\/\/www.griplan.com\/wp-content\/uploads\/2024\/09\/shutterstock_107172512.jpg 1500w, https:\/\/www.griplan.com\/wp-content\/uploads\/2024\/09\/shutterstock_107172512-300x126.jpg 300w, https:\/\/www.griplan.com\/wp-content\/uploads\/2024\/09\/shutterstock_107172512-1030x433.jpg 1030w, https:\/\/www.griplan.com\/wp-content\/uploads\/2024\/09\/shutterstock_107172512-768x323.jpg 768w, https:\/\/www.griplan.com\/wp-content\/uploads\/2024\/09\/shutterstock_107172512-705x296.jpg 705w\" sizes=\"(max-width: 1500px) 100vw, 1500px\" \/><\/div><\/li><li  class='avia-slideshow-slide av-m19cde3o-755fce80ed87d2b10844aa49b8a3a020__8  slide-9 slide-odd'><div data-rel='slideshow-1' class='avia-slide-wrap '   ><div class='av-slideshow-caption av-m19cde3o-755fce80ed87d2b10844aa49b8a3a020__8 caption_fullwidth caption_left'><div class=\"container caption_container\"><div class=\"slideshow_caption\"><div class=\"slideshow_inner_caption\"><div class=\"slideshow_align_caption\"><h2 class='avia-caption-title '  itemprop=\"name\" >Authentisch und kostenoptimiert<\/h2><div class='avia-caption-content av_inherit_color'  itemprop=\"description\" ><p>Gemeinsam mit unseren Auftraggebern realisieren wir Projekte mit starkem Themen- und Regionalbezug.<\/p>\n<\/div><\/div><\/div><\/div><\/div><\/div><img decoding=\"async\" class=\"wp-image-4726 avia-img-lazy-loading-not-4726\"  src=\"https:\/\/www.griplan.com\/wp-content\/uploads\/2024\/09\/shutterstock_119695933.jpg\" width=\"1500\" height=\"630\" title='shutterstock_119695933' alt=''  itemprop=\"thumbnailUrl\"  style='min-height:500px; min-width:1191px; ' srcset=\"https:\/\/www.griplan.com\/wp-content\/uploads\/2024\/09\/shutterstock_119695933.jpg 1500w, https:\/\/www.griplan.com\/wp-content\/uploads\/2024\/09\/shutterstock_119695933-300x126.jpg 300w, https:\/\/www.griplan.com\/wp-content\/uploads\/2024\/09\/shutterstock_119695933-1030x433.jpg 1030w, https:\/\/www.griplan.com\/wp-content\/uploads\/2024\/09\/shutterstock_119695933-768x323.jpg 768w, https:\/\/www.griplan.com\/wp-content\/uploads\/2024\/09\/shutterstock_119695933-705x296.jpg 705w\" sizes=\"(max-width: 1500px) 100vw, 1500px\" \/><\/div><\/li><li  class='avia-slideshow-slide av-m19cde3o-755fce80ed87d2b10844aa49b8a3a020__9  slide-10 slide-even'><div data-rel='slideshow-1' class='avia-slide-wrap '   ><div class='av-slideshow-caption av-m19cde3o-755fce80ed87d2b10844aa49b8a3a020__9 caption_fullwidth caption_left'><div class=\"container caption_container\"><div class=\"slideshow_caption\"><div class=\"slideshow_inner_caption\"><div class=\"slideshow_align_caption\"><h2 class='avia-caption-title '  itemprop=\"name\" >Unsere L\u00f6sungen sind auf Sie zugeschnitten<\/h2><div class='avia-caption-content av_inherit_color'  itemprop=\"description\" ><p>Wir realisieren Projekte, die zu Ihnen passen.<\/p>\n<\/div><\/div><\/div><\/div><\/div><\/div><img decoding=\"async\" class=\"wp-image-4732 avia-img-lazy-loading-not-4732\"  src=\"https:\/\/www.griplan.com\/wp-content\/uploads\/2024\/09\/shutterstock_380328898.jpg\" width=\"1500\" height=\"630\" title='shutterstock_380328898' alt=''  itemprop=\"thumbnailUrl\"  style='min-height:500px; min-width:1191px; ' srcset=\"https:\/\/www.griplan.com\/wp-content\/uploads\/2024\/09\/shutterstock_380328898.jpg 1500w, https:\/\/www.griplan.com\/wp-content\/uploads\/2024\/09\/shutterstock_380328898-300x126.jpg 300w, https:\/\/www.griplan.com\/wp-content\/uploads\/2024\/09\/shutterstock_380328898-1030x433.jpg 1030w, https:\/\/www.griplan.com\/wp-content\/uploads\/2024\/09\/shutterstock_380328898-768x323.jpg 768w, https:\/\/www.griplan.com\/wp-content\/uploads\/2024\/09\/shutterstock_380328898-705x296.jpg 705w\" sizes=\"(max-width: 1500px) 100vw, 1500px\" \/><\/div><\/li><li  class='avia-slideshow-slide av-m19cde3o-755fce80ed87d2b10844aa49b8a3a020__10  slide-11 slide-odd'><div data-rel='slideshow-1' class='avia-slide-wrap '   ><div class='av-slideshow-caption av-m19cde3o-755fce80ed87d2b10844aa49b8a3a020__10 caption_fullwidth caption_left'><div class=\"container caption_container\"><div class=\"slideshow_caption\"><div class=\"slideshow_inner_caption\"><div class=\"slideshow_align_caption\"><h2 class='avia-caption-title '  itemprop=\"name\" >Wir haben Ihren Bau gut im Blick<\/h2><div class='avia-caption-content av_inherit_color'  itemprop=\"description\" ><p>Als Generalplaner koordinieren wir Ihren Bau und sorgen f\u00fcr m\u00f6glichst reibungslose Abl\u00e4ufe.<\/p>\n<\/div><\/div><\/div><\/div><\/div><\/div><img decoding=\"async\" class=\"wp-image-4723 avia-img-lazy-loading-not-4723\"  src=\"https:\/\/www.griplan.com\/wp-content\/uploads\/2024\/09\/shutterstock_86885698.jpg\" width=\"1500\" height=\"630\" title='shutterstock_86885698' alt=''  itemprop=\"thumbnailUrl\"  style='min-height:500px; min-width:1191px; ' srcset=\"https:\/\/www.griplan.com\/wp-content\/uploads\/2024\/09\/shutterstock_86885698.jpg 1500w, https:\/\/www.griplan.com\/wp-content\/uploads\/2024\/09\/shutterstock_86885698-300x126.jpg 300w, https:\/\/www.griplan.com\/wp-content\/uploads\/2024\/09\/shutterstock_86885698-1030x433.jpg 1030w, https:\/\/www.griplan.com\/wp-content\/uploads\/2024\/09\/shutterstock_86885698-768x323.jpg 768w, https:\/\/www.griplan.com\/wp-content\/uploads\/2024\/09\/shutterstock_86885698-705x296.jpg 705w\" sizes=\"(max-width: 1500px) 100vw, 1500px\" \/><\/div><\/li><li  class='avia-slideshow-slide av-m19cde3o-755fce80ed87d2b10844aa49b8a3a020__11  slide-12 slide-even'><div data-rel='slideshow-1' class='avia-slide-wrap '   ><div class='av-slideshow-caption av-m19cde3o-755fce80ed87d2b10844aa49b8a3a020__11 caption_fullwidth caption_left'><div class=\"container caption_container\"><div class=\"slideshow_caption\"><div class=\"slideshow_inner_caption\"><div class=\"slideshow_align_caption\"><h2 class='avia-caption-title '  itemprop=\"name\" >Mit Projektmanagement sorgenfrei zum Bauende<\/h2><div class='avia-caption-content av_inherit_color'  itemprop=\"description\" ><p>Ci\u00f2 richiede pianificazione, coordinamento, gestione e controllo durante l\u2019intero processo della progettazione.<\/p>\n<\/div><\/div><\/div><\/div><\/div><\/div><img decoding=\"async\" class=\"wp-image-4717 avia-img-lazy-loading-not-4717\"  src=\"https:\/\/www.griplan.com\/wp-content\/uploads\/2024\/09\/shutterstock_460738282.jpg\" width=\"1500\" height=\"630\" title='shutterstock_460738282' alt=''  itemprop=\"thumbnailUrl\"  style='min-height:500px; min-width:1191px; ' srcset=\"https:\/\/www.griplan.com\/wp-content\/uploads\/2024\/09\/shutterstock_460738282.jpg 1500w, https:\/\/www.griplan.com\/wp-content\/uploads\/2024\/09\/shutterstock_460738282-300x126.jpg 300w, https:\/\/www.griplan.com\/wp-content\/uploads\/2024\/09\/shutterstock_460738282-1030x433.jpg 1030w, https:\/\/www.griplan.com\/wp-content\/uploads\/2024\/09\/shutterstock_460738282-768x323.jpg 768w, https:\/\/www.griplan.com\/wp-content\/uploads\/2024\/09\/shutterstock_460738282-705x296.jpg 705w\" sizes=\"(max-width: 1500px) 100vw, 1500px\" \/><\/div><\/li><\/ul><div class='avia-slideshow-arrows avia-slideshow-controls' ><a href='#prev' class='prev-slide ' aria-hidden='true' data-av_icon='\ue87c' data-av_iconfont='entypo-fontello'  tabindex='-1'>Prec<\/a><a href='#next' class='next-slide ' aria-hidden='true' data-av_icon='\ue87d' data-av_iconfont='entypo-fontello'  tabindex='-1'>Succ<\/a><\/div><div class='avia-slideshow-dots avia-slideshow-controls'><a href='#1' class='goto-slide active' >1<\/a><a href='#2' class='goto-slide ' >2<\/a><a href='#3' class='goto-slide ' >3<\/a><a href='#4' class='goto-slide ' >4<\/a><a href='#5' class='goto-slide ' >5<\/a><a href='#6' class='goto-slide ' >6<\/a><a href='#7' class='goto-slide ' >7<\/a><a href='#8' class='goto-slide ' >8<\/a><a href='#9' class='goto-slide ' >9<\/a><a href='#10' class='goto-slide ' >10<\/a><a href='#11' class='goto-slide ' >11<\/a><a href='#12' class='goto-slide ' >12<\/a><\/div><\/div><\/div>\n","protected":false},"excerpt":{"rendered":"","protected":false},"author":1,"featured_media":0,"parent":0,"menu_order":0,"comment_status":"closed","ping_status":"closed","template":"","meta":{"footnotes":""},"class_list":["post-4761","page","type-page","status-publish","hentry"],"_links":{"self":[{"href":"https:\/\/www.griplan.com\/it\/wp-json\/wp\/v2\/pages\/4761"}],"collection":[{"href":"https:\/\/www.griplan.com\/it\/wp-json\/wp\/v2\/pages"}],"about":[{"href":"https:\/\/www.griplan.com\/it\/wp-json\/wp\/v2\/types\/page"}],"author":[{"embeddable":true,"href":"https:\/\/www.griplan.com\/it\/wp-json\/wp\/v2\/users\/1"}],"replies":[{"embeddable":true,"href":"https:\/\/www.griplan.com\/it\/wp-json\/wp\/v2\/comments?post=4761"}],"version-history":[{"count":2,"href":"https:\/\/www.griplan.com\/it\/wp-json\/wp\/v2\/pages\/4761\/revisions"}],"predecessor-version":[{"id":4763,"href":"https:\/\/www.griplan.com\/it\/wp-json\/wp\/v2\/pages\/4761\/revisions\/4763"}],"wp:attachment":[{"href":"https:\/\/www.griplan.com\/it\/wp-json\/wp\/v2\/media?parent=4761"}],"curies":[{"name":"wp","href":"https:\/\/api.w.org\/{rel}","templated":true}]}}